{"id":9043,"date":"2024-11-15T14:33:07","date_gmt":"2024-11-15T14:33:07","guid":{"rendered":"https:\/\/iscset.com.ar\/icdpsedeperico\/?page_id=9043"},"modified":"2025-09-16T18:52:44","modified_gmt":"2025-09-16T21:52:44","slug":"becas-suenos-en-accion","status":"publish","type":"page","link":"https:\/\/iscset.com.ar\/icdpsedeperico\/becas-suenos-en-accion\/","title":{"rendered":"Becas sue\u00f1os en acci\u00f3n"},"content":{"rendered":"\t\t<div data-elementor-type=\"wp-page\" data-elementor-id=\"9043\" class=\"elementor elementor-9043\" data-elementor-post-type=\"page\">\n\t\t\t\t<div class=\"elementor-element elementor-element-66707ba e-flex e-con-boxed e-con e-parent\" data-id=\"66707ba\" data-element_type=\"container\" data-e-type=\"container\">\n\t\t\t\t\t<div class=\"e-con-inner\">\n\t\t<div class=\"elementor-element elementor-element-68c40b5 e-con-full e-flex e-con e-child\" data-id=\"68c40b5\" data-element_type=\"container\" data-e-type=\"container\">\n\t\t\t\t<div class=\"elementor-element elementor-element-e7a3428 elementor-widget elementor-widget-image\" data-id=\"e7a3428\" data-element_type=\"widget\" data-e-type=\"widget\" data-widget_type=\"image.default\">\n\t\t\t\t<div class=\"elementor-widget-container\">\n\t\t\t\t\t\t\t\t\t\t\t\t\t\t\t<img fetchpriority=\"high\" decoding=\"async\" width=\"576\" height=\"1024\" src=\"https:\/\/iscset.com.ar\/icdpsedeperico\/wp-content\/uploads\/2024\/11\/Presentacion-para-Dispositivos-Moviles-Catalogo-Florista-Delicado-Chic-Blanco-Verde-5-760x1351-1-576x1024.png\" class=\"attachment-large size-large wp-image-9045\" alt=\"\" srcset=\"https:\/\/iscset.com.ar\/icdpsedeperico\/wp-content\/uploads\/2024\/11\/Presentacion-para-Dispositivos-Moviles-Catalogo-Florista-Delicado-Chic-Blanco-Verde-5-760x1351-1-576x1024.png 576w, https:\/\/iscset.com.ar\/icdpsedeperico\/wp-content\/uploads\/2024\/11\/Presentacion-para-Dispositivos-Moviles-Catalogo-Florista-Delicado-Chic-Blanco-Verde-5-760x1351-1-169x300.png 169w, https:\/\/iscset.com.ar\/icdpsedeperico\/wp-content\/uploads\/2024\/11\/Presentacion-para-Dispositivos-Moviles-Catalogo-Florista-Delicado-Chic-Blanco-Verde-5-760x1351-1.png 760w\" sizes=\"(max-width: 576px) 100vw, 576px\" \/>\t\t\t\t\t\t\t\t\t\t\t\t\t\t\t<\/div>\n\t\t\t\t<\/div>\n\t\t\t\t<\/div>\n\t\t<div class=\"elementor-element elementor-element-b3fc9b7 e-con-full e-flex e-con e-child\" data-id=\"b3fc9b7\" data-element_type=\"container\" data-e-type=\"container\">\n\t\t\t\t<div class=\"elementor-element elementor-element-a3216b6 elementor-widget elementor-widget-text-editor\" data-id=\"a3216b6\" data-element_type=\"widget\" data-e-type=\"widget\" data-widget_type=\"text-editor.default\">\n\t\t\t\t<div class=\"elementor-widget-container\">\n\t\t\t\t\t\t\t\t\t<h4><em>En el Instituto de Capacitaci\u00f3n para el Desarrollo Profesional, creemos en el poder de la educaci\u00f3n y en la importancia de hacerla accesible para todos. Por eso, estamos emocionados de anunciar nuestras \u2018Becas Sue\u00f1os en Acci\u00f3n\u2019. Estas becas est\u00e1n dise\u00f1adas para ayudar a los estudiantes de entre 16 y 28 a\u00f1os a alcanzar sus sue\u00f1os y metas profesionales.<\/em><\/h4>\t\t\t\t\t\t\t\t<\/div>\n\t\t\t\t<\/div>\n\t\t\t\t<div class=\"elementor-element elementor-element-a999890 elementor-widget elementor-widget-image\" data-id=\"a999890\" data-element_type=\"widget\" data-e-type=\"widget\" data-widget_type=\"image.default\">\n\t\t\t\t<div class=\"elementor-widget-container\">\n\t\t\t\t\t\t\t\t\t\t\t\t\t\t\t<img decoding=\"async\" width=\"640\" height=\"480\" src=\"https:\/\/iscset.com.ar\/icdpsedeperico\/wp-content\/uploads\/2024\/11\/smartcourses-botones-1-3-1024x768.png\" class=\"attachment-large size-large wp-image-9046\" alt=\"\" srcset=\"https:\/\/iscset.com.ar\/icdpsedeperico\/wp-content\/uploads\/2024\/11\/smartcourses-botones-1-3-1024x768.png 1024w, https:\/\/iscset.com.ar\/icdpsedeperico\/wp-content\/uploads\/2024\/11\/smartcourses-botones-1-3-300x225.png 300w, https:\/\/iscset.com.ar\/icdpsedeperico\/wp-content\/uploads\/2024\/11\/smartcourses-botones-1-3-768x576.png 768w, https:\/\/iscset.com.ar\/icdpsedeperico\/wp-content\/uploads\/2024\/11\/smartcourses-botones-1-3.png 1250w\" sizes=\"(max-width: 640px) 100vw, 640px\" \/>\t\t\t\t\t\t\t\t\t\t\t\t\t\t\t<\/div>\n\t\t\t\t<\/div>\n\t\t\t\t<\/div>\n\t\t\t\t\t<\/div>\n\t\t\t\t<\/div>\n\t\t<div class=\"elementor-element elementor-element-2195f5f e-flex e-con-boxed e-con e-parent\" data-id=\"2195f5f\" data-element_type=\"container\" data-e-type=\"container\">\n\t\t\t\t\t<div class=\"e-con-inner\">\n\t\t<div class=\"elementor-element elementor-element-11f4e4e e-con-full e-flex e-con e-child\" data-id=\"11f4e4e\" data-element_type=\"container\" data-e-type=\"container\">\n\t\t\t\t<div class=\"elementor-element elementor-element-120fe3e elementor-widget elementor-widget-text-editor\" data-id=\"120fe3e\" data-element_type=\"widget\" data-e-type=\"widget\" data-widget_type=\"text-editor.default\">\n\t\t\t\t<div class=\"elementor-widget-container\">\n\t\t\t\t\t\t\t\t\t<h4><strong><em>Los cursos disponibles para esta beca:<\/em><\/strong><\/h4><ul><li><h4><strong><em>Introducci\u00f3n a la Estimulaci\u00f3n Temprana<\/em><\/strong><\/h4><\/li><li><h4><strong><em>Asistente de Ni\u00f1os con Discapacidad<\/em><\/strong><\/h4><\/li><li><h4><strong><em>Asistente de Jardines, Guarder\u00edas y maternales<\/em><\/strong><\/h4><\/li><li><h4><strong><em>Oratoria<\/em><\/strong><\/h4><\/li><li><h4><strong><em>Asistente Gerontol\u00f3gico<\/em><\/strong><\/h4><\/li><li><h4><strong><em>Secretariado Jur\u00eddico<\/em><\/strong><\/h4><\/li><li><h4><strong><em>Secretariado en Recursos Humanos<\/em><\/strong><\/h4><\/li><li><h4><strong><em>Secretariado Contable.<\/em><\/strong><\/h4><\/li><li><h4><strong><em>Periodismo<\/em><\/strong><\/h4><\/li><li><h4><strong><em>periodismo deportivo<\/em><\/strong><\/h4><\/li><\/ul>\t\t\t\t\t\t\t\t<\/div>\n\t\t\t\t<\/div>\n\t\t\t\t<\/div>\n\t\t<div class=\"elementor-element elementor-element-db3fcf1 e-con-full e-flex e-con e-child\" data-id=\"db3fcf1\" data-element_type=\"container\" data-e-type=\"container\">\n\t\t\t\t<div class=\"elementor-element elementor-element-a2821bb elementor-widget elementor-widget-image\" data-id=\"a2821bb\" data-element_type=\"widget\" data-e-type=\"widget\" data-widget_type=\"image.default\">\n\t\t\t\t<div class=\"elementor-widget-container\">\n\t\t\t\t\t\t\t\t\t\t\t\t\t\t\t<img decoding=\"async\" width=\"576\" height=\"1024\" src=\"https:\/\/iscset.com.ar\/icdpsedeperico\/wp-content\/uploads\/2024\/11\/Presentacion-para-Dispositivos-Moviles-Catalogo-Florista-Delicado-Chic-Blanco-Verde-1-1-760x1351-1-576x1024.png\" class=\"attachment-large size-large wp-image-9050\" alt=\"\" srcset=\"https:\/\/iscset.com.ar\/icdpsedeperico\/wp-content\/uploads\/2024\/11\/Presentacion-para-Dispositivos-Moviles-Catalogo-Florista-Delicado-Chic-Blanco-Verde-1-1-760x1351-1-576x1024.png 576w, https:\/\/iscset.com.ar\/icdpsedeperico\/wp-content\/uploads\/2024\/11\/Presentacion-para-Dispositivos-Moviles-Catalogo-Florista-Delicado-Chic-Blanco-Verde-1-1-760x1351-1-169x300.png 169w, https:\/\/iscset.com.ar\/icdpsedeperico\/wp-content\/uploads\/2024\/11\/Presentacion-para-Dispositivos-Moviles-Catalogo-Florista-Delicado-Chic-Blanco-Verde-1-1-760x1351-1.png 760w\" sizes=\"(max-width: 576px) 100vw, 576px\" \/>\t\t\t\t\t\t\t\t\t\t\t\t\t\t\t<\/div>\n\t\t\t\t<\/div>\n\t\t\t\t<\/div>\n\t\t\t\t\t<\/div>\n\t\t\t\t<\/div>\n\t\t<div class=\"elementor-element elementor-element-39bf17f e-flex e-con-boxed e-con e-parent\" data-id=\"39bf17f\" data-element_type=\"container\" data-e-type=\"container\">\n\t\t\t\t\t<div class=\"e-con-inner\">\n\t\t\t\t<div class=\"elementor-element elementor-element-87f6336 elementor-widget elementor-widget-image\" data-id=\"87f6336\" data-element_type=\"widget\" data-e-type=\"widget\" data-widget_type=\"image.default\">\n\t\t\t\t<div class=\"elementor-widget-container\">\n\t\t\t\t\t\t\t\t\t\t\t\t\t\t\t<img loading=\"lazy\" decoding=\"async\" width=\"640\" height=\"480\" src=\"https:\/\/iscset.com.ar\/icdpsedeperico\/wp-content\/uploads\/2024\/11\/smartcourses-botones-2-1-1-1024x768.png\" class=\"attachment-large size-large wp-image-9051\" alt=\"\" srcset=\"https:\/\/iscset.com.ar\/icdpsedeperico\/wp-content\/uploads\/2024\/11\/smartcourses-botones-2-1-1-1024x768.png 1024w, https:\/\/iscset.com.ar\/icdpsedeperico\/wp-content\/uploads\/2024\/11\/smartcourses-botones-2-1-1-300x225.png 300w, https:\/\/iscset.com.ar\/icdpsedeperico\/wp-content\/uploads\/2024\/11\/smartcourses-botones-2-1-1-768x576.png 768w, https:\/\/iscset.com.ar\/icdpsedeperico\/wp-content\/uploads\/2024\/11\/smartcourses-botones-2-1-1.png 1250w\" sizes=\"(max-width: 640px) 100vw, 640px\" \/>\t\t\t\t\t\t\t\t\t\t\t\t\t\t\t<\/div>\n\t\t\t\t<\/div>\n\t\t\t\t\t<\/div>\n\t\t\t\t<\/div>\n\t\t<div class=\"elementor-element elementor-element-39d31e4 e-flex e-con-boxed e-con e-parent\" data-id=\"39d31e4\" data-element_type=\"container\" data-e-type=\"container\">\n\t\t\t\t\t<div class=\"e-con-inner\">\n\t\t\t\t<div class=\"elementor-element elementor-element-f98774f elementor-widget elementor-widget-text-editor\" data-id=\"f98774f\" data-element_type=\"widget\" data-e-type=\"widget\" data-widget_type=\"text-editor.default\">\n\t\t\t\t<div class=\"elementor-widget-container\">\n\t\t\t\t\t\t\t\t\t<h5 style=\"text-align: center;\"><strong><em>En nuestro instituto, creemos que cada estudiante tiene un sue\u00f1o \u00fanico y valioso. Nuestras \u2018Becas Sue\u00f1os en Acci\u00f3n\u2019 est\u00e1n aqu\u00ed para ayudar a hacer esos sue\u00f1os realidad. \u00a1Esperamos ver tus sue\u00f1os en acci\u00f3n!\u201d<\/em><\/strong><\/h5>\t\t\t\t\t\t\t\t<\/div>\n\t\t\t\t<\/div>\n\t\t\t\t\t<\/div>\n\t\t\t\t<\/div>\n\t\t\t\t<section class=\"elementor-section elementor-top-section elementor-element elementor-element-e2685b7 elementor-section-boxed elementor-section-gap-beside-yes elementor-section-height-default elementor-section-height-default elementor-section-column-vertical-align-stretch\" data-id=\"e2685b7\" data-element_type=\"section\" data-e-type=\"section\" data-settings=\"{&quot;background_background&quot;:&quot;classic&quot;}\">\n\t\t\t\t\t\t<div class=\"elementor-container elementor-column-gap-extended\">\n\t\t\t\t\t<div class=\"elementor-column elementor-col-100 elementor-top-column elementor-element elementor-element-98acddc\" data-id=\"98acddc\" data-element_type=\"column\" data-e-type=\"column\">\n\t\t\t<div class=\"elementor-widget-wrap elementor-element-populated\">\n\t\t\t\t\t\t<div class=\"elementor-element elementor-element-0d87d4e elementor-widget elementor-widget-image\" data-id=\"0d87d4e\" data-element_type=\"widget\" data-e-type=\"widget\" data-widget_type=\"image.default\">\n\t\t\t\t<div class=\"elementor-widget-container\">\n\t\t\t\t\t\t\t\t\t\t\t\t\t\t\t\t<a href=\"https:\/\/iscset.com.ar\/icdpsedeperico\/\">\n\t\t\t\t\t\t\t<img loading=\"lazy\" decoding=\"async\" width=\"500\" height=\"500\" src=\"https:\/\/iscset.com.ar\/icdpsedeperico\/wp-content\/uploads\/2025\/09\/Logos-12-1.png\" class=\"attachment-large size-large wp-image-11727\" alt=\"\" srcset=\"https:\/\/iscset.com.ar\/icdpsedeperico\/wp-content\/uploads\/2025\/09\/Logos-12-1.png 500w, https:\/\/iscset.com.ar\/icdpsedeperico\/wp-content\/uploads\/2025\/09\/Logos-12-1-300x300.png 300w, https:\/\/iscset.com.ar\/icdpsedeperico\/wp-content\/uploads\/2025\/09\/Logos-12-1-150x150.png 150w\" sizes=\"(max-width: 500px) 100vw, 500px\" \/>\t\t\t\t\t\t\t\t<\/a>\n\t\t\t\t\t\t\t\t\t\t\t\t\t\t\t<\/div>\n\t\t\t\t<\/div>\n\t\t\t\t<div class=\"elementor-element elementor-element-1e7bf71 e-grid-align-mobile-center elementor-shape-rounded elementor-grid-0 e-grid-align-center elementor-widget elementor-widget-social-icons\" data-id=\"1e7bf71\" data-element_type=\"widget\" data-e-type=\"widget\" data-widget_type=\"social-icons.default\">\n\t\t\t\t<div class=\"elementor-widget-container\">\n\t\t\t\t\t\t\t<div class=\"elementor-social-icons-wrapper elementor-grid\">\n\t\t\t\t\t\t\t<span class=\"elementor-grid-item\">\n\t\t\t\t\t<a class=\"elementor-icon elementor-social-icon elementor-social-icon-google-play elementor-repeater-item-19076e4\" href=\"https:\/\/play.google.com\/store\/apps\/details?id=com.zentux.ipc&#038;pli=1\" target=\"_blank\">\n\t\t\t\t\t\t<span class=\"elementor-screen-only\">Google-play<\/span>\n\t\t\t\t\t\t<svg aria-hidden=\"true\" class=\"e-font-icon-svg e-fa-brands-google-play\" viewBox=\"0 0 512 512\" xmlns=\"http:\/\/www.w3.org\/2000\/svg\"><path d=\"M325.3 234.3L104.6 13l280.8 161.2-60.1 60.1zM47 0C34 6.8 25.3 19.2 25.3 35.3v441.3c0 16.1 8.7 28.5 21.7 35.3l256.6-256L47 0zm425.2 225.6l-58.9-34.1-65.7 64.5 65.7 64.5 60.1-34.1c18-14.3 18-46.5-1.2-60.8zM104.6 499l280.8-161.2-60.1-60.1L104.6 499z\"><\/path><\/svg>\t\t\t\t\t<\/a>\n\t\t\t\t<\/span>\n\t\t\t\t\t<\/div>\n\t\t\t\t\t\t<\/div>\n\t\t\t\t<\/div>\n\t\t\t\t<div class=\"elementor-element elementor-element-8bd8cf3 elementor-widget elementor-widget-tm-heading\" data-id=\"8bd8cf3\" data-element_type=\"widget\" data-e-type=\"widget\" data-widget_type=\"tm-heading.default\">\n\t\t\t\t<div class=\"elementor-widget-container\">\n\t\t\t\t\t\t\t<div class=\"tm-modern-heading\">\n\t\t\t\n\t\t\t\t\t<div class=\"heading-primary-wrap\">\n\t\t\t<p class=\"heading-primary elementor-heading-title\">Copyright \u00a9 2025 ICDP Instituto<\/p>\t\t<\/div>\n\t\t\n\t\t\t\n\t\t\t\t\t<\/div>\n\t\t\t\t\t\t<\/div>\n\t\t\t\t<\/div>\n\t\t\t\t<div class=\"elementor-element elementor-element-711e8fc elementor-widget elementor-widget-spacer\" data-id=\"711e8fc\" data-element_type=\"widget\" data-e-type=\"widget\" data-widget_type=\"spacer.default\">\n\t\t\t\t<div class=\"elementor-widget-container\">\n\t\t\t\t\t\t\t<div class=\"elementor-spacer\">\n\t\t\t<div class=\"elementor-spacer-inner\"><\/div>\n\t\t<\/div>\n\t\t\t\t\t\t<\/div>\n\t\t\t\t<\/div>\n\t\t\t\t\t<\/div>\n\t\t<\/div>\n\t\t\t\t\t<\/div>\n\t\t<\/section>\n\t\t\t\t<\/div>\n\t\t","protected":false},"excerpt":{"rendered":"<p>En el Instituto de Capacitaci\u00f3n para el Desarrollo Profesional, creemos en el poder de la educaci\u00f3n y en la importancia de hacerla accesible para todos. Por eso, estamos emocionados de anunciar nuestras \u2018Becas Sue\u00f1os en Acci\u00f3n\u2019. Estas becas est\u00e1n dise\u00f1adas para ayudar a los estudiantes de entre 16 y 28 a\u00f1os a alcanzar sus sue\u00f1os y metas profesionales. Los cursos disponibles para esta beca: Introducci\u00f3n a la Estimulaci\u00f3n Temprana Asistente de Ni\u00f1os con Discapacidad Asistente de Jardines, Guarder\u00edas y maternales Oratoria Asistente Gerontol\u00f3gico Secretariado Jur\u00eddico Secretariado en Recursos Humanos Secretariado Contable. Periodismo periodismo deportivo En nuestro instituto, creemos que cada estudiante tiene un sue\u00f1o \u00fanico y valioso. Nuestras \u2018Becas Sue\u00f1os en Acci\u00f3n\u2019 est\u00e1n aqu\u00ed para ayudar a hacer esos sue\u00f1os realidad. \u00a1Esperamos ver tus sue\u00f1os en acci\u00f3n!\u201d Google-play Copyright \u00a9 2025 ICDP Instituto<\/p>\n","protected":false},"author":3,"featured_media":0,"parent":0,"menu_order":0,"comment_status":"closed","ping_status":"closed","template":"","meta":{"_mi_skip_tracking":false,"_monsterinsights_sitenote_active":false,"_monsterinsights_sitenote_note":"","_monsterinsights_sitenote_category":0,"_joinchat":[],"footnotes":""},"class_list":["post-9043","page","type-page","status-publish","hentry","post-no-thumbnail"],"yoast_head":"<!-- This site is optimized with the Yoast SEO plugin v27.3 - https:\/\/yoast.com\/product\/yoast-seo-wordpress\/ -->\n<title>Becas sue\u00f1os en acci\u00f3n - Sede ICDP Jujuy<\/title>\n<meta name=\"robots\" content=\"index, follow, max-snippet:-1, max-image-preview:large, max-video-preview:-1\" \/>\n<link rel=\"canonical\" href=\"https:\/\/iscset.com.ar\/icdpsedeperico\/becas-suenos-en-accion\/\" \/>\n<meta property=\"og:locale\" content=\"es_ES\" \/>\n<meta property=\"og:type\" content=\"article\" \/>\n<meta property=\"og:title\" content=\"Becas sue\u00f1os en acci\u00f3n - Sede ICDP Jujuy\" \/>\n<meta property=\"og:description\" content=\"En el Instituto de Capacitaci\u00f3n para el Desarrollo Profesional, creemos en el poder de la educaci\u00f3n y en la importancia de hacerla accesible para todos. Por eso, estamos emocionados de anunciar nuestras \u2018Becas Sue\u00f1os en Acci\u00f3n\u2019. Estas becas est\u00e1n dise\u00f1adas para ayudar a los estudiantes de entre 16 y 28 a\u00f1os a alcanzar sus sue\u00f1os y metas profesionales. Los cursos disponibles para esta beca: Introducci\u00f3n a la Estimulaci\u00f3n Temprana Asistente de Ni\u00f1os con Discapacidad Asistente de Jardines, Guarder\u00edas y maternales Oratoria Asistente Gerontol\u00f3gico Secretariado Jur\u00eddico Secretariado en Recursos Humanos Secretariado Contable. Periodismo periodismo deportivo En nuestro instituto, creemos que cada estudiante tiene un sue\u00f1o \u00fanico y valioso. Nuestras \u2018Becas Sue\u00f1os en Acci\u00f3n\u2019 est\u00e1n aqu\u00ed para ayudar a hacer esos sue\u00f1os realidad. \u00a1Esperamos ver tus sue\u00f1os en acci\u00f3n!\u201d Google-play Copyright \u00a9 2025 ICDP Instituto\" \/>\n<meta property=\"og:url\" content=\"https:\/\/iscset.com.ar\/icdpsedeperico\/becas-suenos-en-accion\/\" \/>\n<meta property=\"og:site_name\" content=\"Sede ICDP Jujuy\" \/>\n<meta property=\"article:modified_time\" content=\"2025-09-16T21:52:44+00:00\" \/>\n<meta property=\"og:image\" content=\"https:\/\/iscset.com.ar\/icdpsedeperico\/wp-content\/uploads\/2024\/11\/Presentacion-para-Dispositivos-Moviles-Catalogo-Florista-Delicado-Chic-Blanco-Verde-5-760x1351-1.png\" \/>\n\t<meta property=\"og:image:width\" content=\"760\" \/>\n\t<meta property=\"og:image:height\" content=\"1351\" \/>\n\t<meta property=\"og:image:type\" content=\"image\/png\" \/>\n<meta name=\"twitter:card\" content=\"summary_large_image\" \/>\n<meta name=\"twitter:label1\" content=\"Tiempo de lectura\" \/>\n\t<meta name=\"twitter:data1\" content=\"2 minutos\" \/>\n<script type=\"application\/ld+json\" class=\"yoast-schema-graph\">{\"@context\":\"https:\\\/\\\/schema.org\",\"@graph\":[{\"@type\":\"WebPage\",\"@id\":\"https:\\\/\\\/iscset.com.ar\\\/icdpsedeperico\\\/becas-suenos-en-accion\\\/\",\"url\":\"https:\\\/\\\/iscset.com.ar\\\/icdpsedeperico\\\/becas-suenos-en-accion\\\/\",\"name\":\"Becas sue\u00f1os en acci\u00f3n - Sede ICDP Jujuy\",\"isPartOf\":{\"@id\":\"https:\\\/\\\/iscset.com.ar\\\/icdpsedeperico\\\/#website\"},\"primaryImageOfPage\":{\"@id\":\"https:\\\/\\\/iscset.com.ar\\\/icdpsedeperico\\\/becas-suenos-en-accion\\\/#primaryimage\"},\"image\":{\"@id\":\"https:\\\/\\\/iscset.com.ar\\\/icdpsedeperico\\\/becas-suenos-en-accion\\\/#primaryimage\"},\"thumbnailUrl\":\"https:\\\/\\\/iscset.com.ar\\\/icdpsedeperico\\\/wp-content\\\/uploads\\\/2024\\\/11\\\/Presentacion-para-Dispositivos-Moviles-Catalogo-Florista-Delicado-Chic-Blanco-Verde-5-760x1351-1-576x1024.png\",\"datePublished\":\"2024-11-15T14:33:07+00:00\",\"dateModified\":\"2025-09-16T21:52:44+00:00\",\"breadcrumb\":{\"@id\":\"https:\\\/\\\/iscset.com.ar\\\/icdpsedeperico\\\/becas-suenos-en-accion\\\/#breadcrumb\"},\"inLanguage\":\"es\",\"potentialAction\":[{\"@type\":\"ReadAction\",\"target\":[\"https:\\\/\\\/iscset.com.ar\\\/icdpsedeperico\\\/becas-suenos-en-accion\\\/\"]}]},{\"@type\":\"ImageObject\",\"inLanguage\":\"es\",\"@id\":\"https:\\\/\\\/iscset.com.ar\\\/icdpsedeperico\\\/becas-suenos-en-accion\\\/#primaryimage\",\"url\":\"https:\\\/\\\/iscset.com.ar\\\/icdpsedeperico\\\/wp-content\\\/uploads\\\/2024\\\/11\\\/Presentacion-para-Dispositivos-Moviles-Catalogo-Florista-Delicado-Chic-Blanco-Verde-5-760x1351-1.png\",\"contentUrl\":\"https:\\\/\\\/iscset.com.ar\\\/icdpsedeperico\\\/wp-content\\\/uploads\\\/2024\\\/11\\\/Presentacion-para-Dispositivos-Moviles-Catalogo-Florista-Delicado-Chic-Blanco-Verde-5-760x1351-1.png\",\"width\":760,\"height\":1351},{\"@type\":\"BreadcrumbList\",\"@id\":\"https:\\\/\\\/iscset.com.ar\\\/icdpsedeperico\\\/becas-suenos-en-accion\\\/#breadcrumb\",\"itemListElement\":[{\"@type\":\"ListItem\",\"position\":1,\"name\":\"Portada\",\"item\":\"https:\\\/\\\/iscset.com.ar\\\/icdpsedeperico\\\/\"},{\"@type\":\"ListItem\",\"position\":2,\"name\":\"Becas sue\u00f1os en acci\u00f3n\"}]},{\"@type\":\"WebSite\",\"@id\":\"https:\\\/\\\/iscset.com.ar\\\/icdpsedeperico\\\/#website\",\"url\":\"https:\\\/\\\/iscset.com.ar\\\/icdpsedeperico\\\/\",\"name\":\"Sede ICDP Jujuy\",\"description\":\"Formando Profesionales\",\"publisher\":{\"@id\":\"https:\\\/\\\/iscset.com.ar\\\/icdpsedeperico\\\/#organization\"},\"alternateName\":\"Sede ICDP Jujuy\",\"potentialAction\":[{\"@type\":\"SearchAction\",\"target\":{\"@type\":\"EntryPoint\",\"urlTemplate\":\"https:\\\/\\\/iscset.com.ar\\\/icdpsedeperico\\\/?s={search_term_string}\"},\"query-input\":{\"@type\":\"PropertyValueSpecification\",\"valueRequired\":true,\"valueName\":\"search_term_string\"}}],\"inLanguage\":\"es\"},{\"@type\":\"Organization\",\"@id\":\"https:\\\/\\\/iscset.com.ar\\\/icdpsedeperico\\\/#organization\",\"name\":\"Sede ICDP Jujuy\",\"alternateName\":\"Sede ICDP Jujuy\",\"url\":\"https:\\\/\\\/iscset.com.ar\\\/icdpsedeperico\\\/\",\"logo\":{\"@type\":\"ImageObject\",\"inLanguage\":\"es\",\"@id\":\"https:\\\/\\\/iscset.com.ar\\\/icdpsedeperico\\\/#\\\/schema\\\/logo\\\/image\\\/\",\"url\":\"https:\\\/\\\/iscset.com.ar\\\/icdpsedeperico\\\/wp-content\\\/uploads\\\/2020\\\/10\\\/Logos-5.png\",\"contentUrl\":\"https:\\\/\\\/iscset.com.ar\\\/icdpsedeperico\\\/wp-content\\\/uploads\\\/2020\\\/10\\\/Logos-5.png\",\"width\":500,\"height\":500,\"caption\":\"Sede ICDP Jujuy\"},\"image\":{\"@id\":\"https:\\\/\\\/iscset.com.ar\\\/icdpsedeperico\\\/#\\\/schema\\\/logo\\\/image\\\/\"}}]}<\/script>\n<!-- \/ Yoast SEO plugin. -->","yoast_head_json":{"title":"Becas sue\u00f1os en acci\u00f3n - Sede ICDP Jujuy","robots":{"index":"index","follow":"follow","max-snippet":"max-snippet:-1","max-image-preview":"max-image-preview:large","max-video-preview":"max-video-preview:-1"},"canonical":"https:\/\/iscset.com.ar\/icdpsedeperico\/becas-suenos-en-accion\/","og_locale":"es_ES","og_type":"article","og_title":"Becas sue\u00f1os en acci\u00f3n - Sede ICDP Jujuy","og_description":"En el Instituto de Capacitaci\u00f3n para el Desarrollo Profesional, creemos en el poder de la educaci\u00f3n y en la importancia de hacerla accesible para todos. Por eso, estamos emocionados de anunciar nuestras \u2018Becas Sue\u00f1os en Acci\u00f3n\u2019. Estas becas est\u00e1n dise\u00f1adas para ayudar a los estudiantes de entre 16 y 28 a\u00f1os a alcanzar sus sue\u00f1os y metas profesionales. Los cursos disponibles para esta beca: Introducci\u00f3n a la Estimulaci\u00f3n Temprana Asistente de Ni\u00f1os con Discapacidad Asistente de Jardines, Guarder\u00edas y maternales Oratoria Asistente Gerontol\u00f3gico Secretariado Jur\u00eddico Secretariado en Recursos Humanos Secretariado Contable. Periodismo periodismo deportivo En nuestro instituto, creemos que cada estudiante tiene un sue\u00f1o \u00fanico y valioso. Nuestras \u2018Becas Sue\u00f1os en Acci\u00f3n\u2019 est\u00e1n aqu\u00ed para ayudar a hacer esos sue\u00f1os realidad. \u00a1Esperamos ver tus sue\u00f1os en acci\u00f3n!\u201d Google-play Copyright \u00a9 2025 ICDP Instituto","og_url":"https:\/\/iscset.com.ar\/icdpsedeperico\/becas-suenos-en-accion\/","og_site_name":"Sede ICDP Jujuy","article_modified_time":"2025-09-16T21:52:44+00:00","og_image":[{"width":760,"height":1351,"url":"https:\/\/iscset.com.ar\/icdpsedeperico\/wp-content\/uploads\/2024\/11\/Presentacion-para-Dispositivos-Moviles-Catalogo-Florista-Delicado-Chic-Blanco-Verde-5-760x1351-1.png","type":"image\/png"}],"twitter_card":"summary_large_image","twitter_misc":{"Tiempo de lectura":"2 minutos"},"schema":{"@context":"https:\/\/schema.org","@graph":[{"@type":"WebPage","@id":"https:\/\/iscset.com.ar\/icdpsedeperico\/becas-suenos-en-accion\/","url":"https:\/\/iscset.com.ar\/icdpsedeperico\/becas-suenos-en-accion\/","name":"Becas sue\u00f1os en acci\u00f3n - Sede ICDP Jujuy","isPartOf":{"@id":"https:\/\/iscset.com.ar\/icdpsedeperico\/#website"},"primaryImageOfPage":{"@id":"https:\/\/iscset.com.ar\/icdpsedeperico\/becas-suenos-en-accion\/#primaryimage"},"image":{"@id":"https:\/\/iscset.com.ar\/icdpsedeperico\/becas-suenos-en-accion\/#primaryimage"},"thumbnailUrl":"https:\/\/iscset.com.ar\/icdpsedeperico\/wp-content\/uploads\/2024\/11\/Presentacion-para-Dispositivos-Moviles-Catalogo-Florista-Delicado-Chic-Blanco-Verde-5-760x1351-1-576x1024.png","datePublished":"2024-11-15T14:33:07+00:00","dateModified":"2025-09-16T21:52:44+00:00","breadcrumb":{"@id":"https:\/\/iscset.com.ar\/icdpsedeperico\/becas-suenos-en-accion\/#breadcrumb"},"inLanguage":"es","potentialAction":[{"@type":"ReadAction","target":["https:\/\/iscset.com.ar\/icdpsedeperico\/becas-suenos-en-accion\/"]}]},{"@type":"ImageObject","inLanguage":"es","@id":"https:\/\/iscset.com.ar\/icdpsedeperico\/becas-suenos-en-accion\/#primaryimage","url":"https:\/\/iscset.com.ar\/icdpsedeperico\/wp-content\/uploads\/2024\/11\/Presentacion-para-Dispositivos-Moviles-Catalogo-Florista-Delicado-Chic-Blanco-Verde-5-760x1351-1.png","contentUrl":"https:\/\/iscset.com.ar\/icdpsedeperico\/wp-content\/uploads\/2024\/11\/Presentacion-para-Dispositivos-Moviles-Catalogo-Florista-Delicado-Chic-Blanco-Verde-5-760x1351-1.png","width":760,"height":1351},{"@type":"BreadcrumbList","@id":"https:\/\/iscset.com.ar\/icdpsedeperico\/becas-suenos-en-accion\/#breadcrumb","itemListElement":[{"@type":"ListItem","position":1,"name":"Portada","item":"https:\/\/iscset.com.ar\/icdpsedeperico\/"},{"@type":"ListItem","position":2,"name":"Becas sue\u00f1os en acci\u00f3n"}]},{"@type":"WebSite","@id":"https:\/\/iscset.com.ar\/icdpsedeperico\/#website","url":"https:\/\/iscset.com.ar\/icdpsedeperico\/","name":"Sede ICDP Jujuy","description":"Formando Profesionales","publisher":{"@id":"https:\/\/iscset.com.ar\/icdpsedeperico\/#organization"},"alternateName":"Sede ICDP Jujuy","potentialAction":[{"@type":"SearchAction","target":{"@type":"EntryPoint","urlTemplate":"https:\/\/iscset.com.ar\/icdpsedeperico\/?s={search_term_string}"},"query-input":{"@type":"PropertyValueSpecification","valueRequired":true,"valueName":"search_term_string"}}],"inLanguage":"es"},{"@type":"Organization","@id":"https:\/\/iscset.com.ar\/icdpsedeperico\/#organization","name":"Sede ICDP Jujuy","alternateName":"Sede ICDP Jujuy","url":"https:\/\/iscset.com.ar\/icdpsedeperico\/","logo":{"@type":"ImageObject","inLanguage":"es","@id":"https:\/\/iscset.com.ar\/icdpsedeperico\/#\/schema\/logo\/image\/","url":"https:\/\/iscset.com.ar\/icdpsedeperico\/wp-content\/uploads\/2020\/10\/Logos-5.png","contentUrl":"https:\/\/iscset.com.ar\/icdpsedeperico\/wp-content\/uploads\/2020\/10\/Logos-5.png","width":500,"height":500,"caption":"Sede ICDP Jujuy"},"image":{"@id":"https:\/\/iscset.com.ar\/icdpsedeperico\/#\/schema\/logo\/image\/"}}]}},"_links":{"self":[{"href":"https:\/\/iscset.com.ar\/icdpsedeperico\/wp-json\/wp\/v2\/pages\/9043","targetHints":{"allow":["GET"]}}],"collection":[{"href":"https:\/\/iscset.com.ar\/icdpsedeperico\/wp-json\/wp\/v2\/pages"}],"about":[{"href":"https:\/\/iscset.com.ar\/icdpsedeperico\/wp-json\/wp\/v2\/types\/page"}],"author":[{"embeddable":true,"href":"https:\/\/iscset.com.ar\/icdpsedeperico\/wp-json\/wp\/v2\/users\/3"}],"replies":[{"embeddable":true,"href":"https:\/\/iscset.com.ar\/icdpsedeperico\/wp-json\/wp\/v2\/comments?post=9043"}],"version-history":[{"count":31,"href":"https:\/\/iscset.com.ar\/icdpsedeperico\/wp-json\/wp\/v2\/pages\/9043\/revisions"}],"predecessor-version":[{"id":11758,"href":"https:\/\/iscset.com.ar\/icdpsedeperico\/wp-json\/wp\/v2\/pages\/9043\/revisions\/11758"}],"wp:attachment":[{"href":"https:\/\/iscset.com.ar\/icdpsedeperico\/wp-json\/wp\/v2\/media?parent=9043"}],"curies":[{"name":"wp","href":"https:\/\/api.w.org\/{rel}","templated":true}]}}